{"id":67,"date":"2025-01-18T13:14:55","date_gmt":"2025-01-18T12:14:55","guid":{"rendered":"https:\/\/help-addictions.fr\/?page_id=67"},"modified":"2025-02-05T11:34:29","modified_gmt":"2025-02-05T10:34:29","slug":"mentions-legales","status":"publish","type":"page","link":"https:\/\/help-addictions.fr\/index.php\/mentions-legales\/","title":{"rendered":"Mentions L\u00e9gales"},"content":{"rendered":"\t\t<div data-elementor-type=\"wp-page\" data-elementor-id=\"67\" class=\"elementor elementor-67\">\n\t\t\t\t\t\t<section class=\"elementor-section elementor-top-section elementor-element elementor-element-f0b4e0b elementor-section-full_width elementor-section-height-min-height elementor-section-stretched elementor-section-height-default elementor-section-items-middle wpr-particle-no wpr-jarallax-no wpr-parallax-no wpr-sticky-section-no\" data-id=\"f0b4e0b\" data-element_type=\"section\" data-settings=\"{&quot;background_background&quot;:&quot;classic&quot;,&quot;stretch_section&quot;:&quot;section-stretched&quot;}\">\n\t\t\t\t\t\t<div class=\"elementor-container elementor-column-gap-default\">\n\t\t\t\t\t<div class=\"elementor-column elementor-col-100 elementor-top-column elementor-element elementor-element-1f1df3fd\" data-id=\"1f1df3fd\" data-element_type=\"column\">\n\t\t\t<div class=\"elementor-widget-wrap elementor-element-populated\">\n\t\t\t\t\t\t<div class=\"elementor-element elementor-element-6eadd0a elementor-widget elementor-widget-heading\" data-id=\"6eadd0a\" data-element_type=\"widget\" data-widget_type=\"heading.default\">\n\t\t\t\t<div class=\"elementor-widget-container\">\n\t\t\t\t\t<h1 class=\"elementor-heading-title elementor-size-default\">Mentions L\u00e9gales<\/h1>\t\t\t\t<\/div>\n\t\t\t\t<\/div>\n\t\t\t\t\t<\/div>\n\t\t<\/div>\n\t\t\t\t\t<\/div>\n\t\t<\/section>\n\t\t<div class=\"elementor-element elementor-element-dbd045e e-flex e-con-boxed wpr-particle-no wpr-jarallax-no wpr-parallax-no wpr-sticky-section-no e-con e-parent\" data-id=\"dbd045e\" data-element_type=\"container\">\n\t\t\t\t\t<div class=\"e-con-inner\">\n\t\t\t\t<div class=\"elementor-element elementor-element-85a6654 elementor-widget elementor-widget-heading\" data-id=\"85a6654\" data-element_type=\"widget\" data-widget_type=\"heading.default\">\n\t\t\t\t<div class=\"elementor-widget-container\">\n\t\t\t\t\t<h2 class=\"elementor-heading-title elementor-size-default\">Identification de l\u2019\u00e9diteur<\/h2>\t\t\t\t<\/div>\n\t\t\t\t<\/div>\n\t\t\t\t<div class=\"elementor-element elementor-element-756a5ea elementor-widget elementor-widget-text-editor\" data-id=\"756a5ea\" data-element_type=\"widget\" data-widget_type=\"text-editor.default\">\n\t\t\t\t<div class=\"elementor-widget-container\">\n\t\t\t\t\t\t\t\t\t<p><span style=\"vertical-align: inherit;\"><span style=\"vertical-align: inherit;\"><span style=\"vertical-align: inherit;\"><span style=\"vertical-align: inherit;\">Le site <a href=\"mailto:help-addictions.fr\">help-addictions.fr<\/a> est \u00e9dit\u00e9 par Jean-Manuel B\u00e9thouart, Help Addictions EI.<\/span><\/span><\/span><\/span><\/p>\t\t\t\t\t\t\t\t<\/div>\n\t\t\t\t<\/div>\n\t\t\t\t<div class=\"elementor-element elementor-element-da1816b elementor-widget elementor-widget-heading\" data-id=\"da1816b\" data-element_type=\"widget\" data-widget_type=\"heading.default\">\n\t\t\t\t<div class=\"elementor-widget-container\">\n\t\t\t\t\t<h3 class=\"elementor-heading-title elementor-size-default\">Si\u00e8ge social<\/h3>\t\t\t\t<\/div>\n\t\t\t\t<\/div>\n\t\t\t\t<div class=\"elementor-element elementor-element-5a2712a elementor-widget elementor-widget-text-editor\" data-id=\"5a2712a\" data-element_type=\"widget\" data-widget_type=\"text-editor.default\">\n\t\t\t\t<div class=\"elementor-widget-container\">\n\t\t\t\t\t\t\t\t\t<p><span style=\"vertical-align: inherit;\"><span style=\"vertical-align: inherit;\"><span style=\"vertical-align: inherit;\"><span style=\"vertical-align: inherit;\"><span style=\"vertical-align: inherit;\"><span style=\"vertical-align: inherit;\">Help Addictions EI<\/span><\/span><\/span><\/span><\/span><\/span><br \/><span style=\"vertical-align: inherit;\"><span style=\"vertical-align: inherit;\"><span style=\"vertical-align: inherit;\"><span style=\"vertical-align: inherit;\"><span style=\"vertical-align: inherit;\"><span style=\"vertical-align: inherit;\">80090 AMIENS<\/span><\/span><\/span><\/span><\/span><\/span><\/p>\t\t\t\t\t\t\t\t<\/div>\n\t\t\t\t<\/div>\n\t\t\t\t<div class=\"elementor-element elementor-element-00de20a elementor-widget elementor-widget-heading\" data-id=\"00de20a\" data-element_type=\"widget\" data-widget_type=\"heading.default\">\n\t\t\t\t<div class=\"elementor-widget-container\">\n\t\t\t\t\t<h3 class=\"elementor-heading-title elementor-size-default\">Contact<\/h3>\t\t\t\t<\/div>\n\t\t\t\t<\/div>\n\t\t\t\t<div class=\"elementor-element elementor-element-876eefd elementor-widget elementor-widget-text-editor\" data-id=\"876eefd\" data-element_type=\"widget\" data-widget_type=\"text-editor.default\">\n\t\t\t\t<div class=\"elementor-widget-container\">\n\t\t\t\t\t\t\t\t\t<p><a href=\"mailto:manu@help-addictions.fr\"><span style=\"vertical-align: inherit;\"><span style=\"vertical-align: inherit;\">manu@help-addictions.fr<\/span><\/span><\/a><br \/><a href=\"tel:0631068804\"><span style=\"vertical-align: inherit;\"><span style=\"vertical-align: inherit;\">0631068804<\/span><\/span><\/a><\/p>\t\t\t\t\t\t\t\t<\/div>\n\t\t\t\t<\/div>\n\t\t\t\t<div class=\"elementor-element elementor-element-008ab47 elementor-widget elementor-widget-heading\" data-id=\"008ab47\" data-element_type=\"widget\" data-widget_type=\"heading.default\">\n\t\t\t\t<div class=\"elementor-widget-container\">\n\t\t\t\t\t<h3 class=\"elementor-heading-title elementor-size-default\">Repr\u00e9sentant l\u00e9gal<\/h3>\t\t\t\t<\/div>\n\t\t\t\t<\/div>\n\t\t\t\t<div class=\"elementor-element elementor-element-9cafac3 elementor-widget elementor-widget-text-editor\" data-id=\"9cafac3\" data-element_type=\"widget\" data-widget_type=\"text-editor.default\">\n\t\t\t\t<div class=\"elementor-widget-container\">\n\t\t\t\t\t\t\t\t\t<p>Directeur de publication : Jean-Manuel B\u00e9thouart<br>Num\u00e9ro SIRET : 87833760900035<br><span style=\"font-size: 14px; color: var( --e-global-color-text ); text-align: var(--text-align);\">Num\u00e9ro d&rsquo;Agr\u00e9ment : 32800242780<\/span><\/p>\t\t\t\t\t\t\t\t<\/div>\n\t\t\t\t<\/div>\n\t\t\t\t<div class=\"elementor-element elementor-element-4583e0d elementor-widget elementor-widget-heading\" data-id=\"4583e0d\" data-element_type=\"widget\" data-widget_type=\"heading.default\">\n\t\t\t\t<div class=\"elementor-widget-container\">\n\t\t\t\t\t<h2 class=\"elementor-heading-title elementor-size-default\">Identification de l\u2019h\u00e9bergeur du site<\/h2>\t\t\t\t<\/div>\n\t\t\t\t<\/div>\n\t\t\t\t<div class=\"elementor-element elementor-element-75a8814 elementor-widget elementor-widget-heading\" data-id=\"75a8814\" data-element_type=\"widget\" data-widget_type=\"heading.default\">\n\t\t\t\t<div class=\"elementor-widget-container\">\n\t\t\t\t\t<h3 class=\"elementor-heading-title elementor-size-default\">H\u00e9bergement<\/h3>\t\t\t\t<\/div>\n\t\t\t\t<\/div>\n\t\t\t\t<div class=\"elementor-element elementor-element-a0ff5d9 elementor-widget elementor-widget-text-editor\" data-id=\"a0ff5d9\" data-element_type=\"widget\" data-widget_type=\"text-editor.default\">\n\t\t\t\t<div class=\"elementor-widget-container\">\n\t\t\t\t\t\t\t\t\t<p>OVH SAS<br \/>2 rue Kellermann \u2013 BP 80157 \u2013 59053 ROUBAIX Cedex 1<\/p>\t\t\t\t\t\t\t\t<\/div>\n\t\t\t\t<\/div>\n\t\t\t\t<div class=\"elementor-element elementor-element-2b932d4 elementor-widget elementor-widget-heading\" data-id=\"2b932d4\" data-element_type=\"widget\" data-widget_type=\"heading.default\">\n\t\t\t\t<div class=\"elementor-widget-container\">\n\t\t\t\t\t<h3 class=\"elementor-heading-title elementor-size-default\">Cr\u00e9dit Photos<\/h3>\t\t\t\t<\/div>\n\t\t\t\t<\/div>\n\t\t\t\t<div class=\"elementor-element elementor-element-cd5f7b8 elementor-widget elementor-widget-text-editor\" data-id=\"cd5f7b8\" data-element_type=\"widget\" data-widget_type=\"text-editor.default\">\n\t\t\t\t<div class=\"elementor-widget-container\">\n\t\t\t\t\t\t\t\t\t<p>Help Addictions \/ Pixabay<\/p>\t\t\t\t\t\t\t\t<\/div>\n\t\t\t\t<\/div>\n\t\t\t\t\t<\/div>\n\t\t\t\t<\/div>\n\t\t\t\t<\/div>\n\t\t","protected":false},"excerpt":{"rendered":"<p>Mentions L\u00e9gales Identification de l\u2019\u00e9diteur Le site help-addictions.fr est \u00e9dit\u00e9 par Jean-Manuel B\u00e9thouart, Help Addictions EI. Si\u00e8ge social Help Addictions EI80090 AMIENS Contact manu@help-addictions.fr0631068804 Repr\u00e9sentant l\u00e9gal Directeur de publication : Jean-Manuel B\u00e9thouartNum\u00e9ro SIRET : 87833760900035Num\u00e9ro d&rsquo;Agr\u00e9ment : 32800242780 Identification de l\u2019h\u00e9bergeur du site H\u00e9bergement OVH SAS2 rue Kellermann \u2013 BP 80157 \u2013 59053 ROUBAIX Cedex 1 Cr\u00e9dit Photos Help Addictions \/ Pixabay<\/p>\n","protected":false},"author":1,"featured_media":0,"parent":0,"menu_order":0,"comment_status":"closed","ping_status":"closed","template":"","meta":{"footnotes":""},"class_list":["post-67","page","type-page","status-publish","hentry","entry"],"yoast_head":"<!-- This site is optimized with the Yoast SEO plugin v24.6 - https:\/\/yoast.com\/wordpress\/plugins\/seo\/ -->\n<title>Mentions L\u00e9gales - Help&#039;Addictions<\/title>\n<meta name=\"robots\" content=\"index, follow, max-snippet:-1, max-image-preview:large, max-video-preview:-1\" \/>\n<link rel=\"canonical\" href=\"https:\/\/help-addictions.fr\/index.php\/mentions-legales\/\" \/>\n<meta property=\"og:locale\" content=\"fr_FR\" \/>\n<meta property=\"og:type\" content=\"article\" \/>\n<meta property=\"og:title\" content=\"Mentions L\u00e9gales - Help&#039;Addictions\" \/>\n<meta property=\"og:description\" content=\"Mentions L\u00e9gales Identification de l\u2019\u00e9diteur Le site help-addictions.fr est \u00e9dit\u00e9 par Jean-Manuel B\u00e9thouart, Help Addictions EI. Si\u00e8ge social Help Addictions EI80090 AMIENS Contact manu@help-addictions.fr0631068804 Repr\u00e9sentant l\u00e9gal Directeur de publication : Jean-Manuel B\u00e9thouartNum\u00e9ro SIRET : 87833760900035Num\u00e9ro d&rsquo;Agr\u00e9ment : 32800242780 Identification de l\u2019h\u00e9bergeur du site H\u00e9bergement OVH SAS2 rue Kellermann \u2013 BP 80157 \u2013 59053 ROUBAIX Cedex 1 Cr\u00e9dit Photos Help Addictions \/ Pixabay\" \/>\n<meta property=\"og:url\" content=\"https:\/\/help-addictions.fr\/index.php\/mentions-legales\/\" \/>\n<meta property=\"og:site_name\" content=\"Help&#039;Addictions\" \/>\n<meta property=\"article:publisher\" content=\"https:\/\/www.facebook.com\/HelpAddictions\" \/>\n<meta property=\"article:modified_time\" content=\"2025-02-05T10:34:29+00:00\" \/>\n<meta name=\"twitter:card\" content=\"summary_large_image\" \/>\n<script type=\"application\/ld+json\" class=\"yoast-schema-graph\">{\"@context\":\"https:\/\/schema.org\",\"@graph\":[{\"@type\":\"WebPage\",\"@id\":\"https:\/\/help-addictions.fr\/index.php\/mentions-legales\/\",\"url\":\"https:\/\/help-addictions.fr\/index.php\/mentions-legales\/\",\"name\":\"Mentions L\u00e9gales - Help&#039;Addictions\",\"isPartOf\":{\"@id\":\"https:\/\/help-addictions.fr\/#website\"},\"datePublished\":\"2025-01-18T12:14:55+00:00\",\"dateModified\":\"2025-02-05T10:34:29+00:00\",\"breadcrumb\":{\"@id\":\"https:\/\/help-addictions.fr\/index.php\/mentions-legales\/#breadcrumb\"},\"inLanguage\":\"fr-FR\",\"potentialAction\":[{\"@type\":\"ReadAction\",\"target\":[\"https:\/\/help-addictions.fr\/index.php\/mentions-legales\/\"]}]},{\"@type\":\"BreadcrumbList\",\"@id\":\"https:\/\/help-addictions.fr\/index.php\/mentions-legales\/#breadcrumb\",\"itemListElement\":[{\"@type\":\"ListItem\",\"position\":1,\"name\":\"Accueil\",\"item\":\"https:\/\/help-addictions.fr\/\"},{\"@type\":\"ListItem\",\"position\":2,\"name\":\"Mentions L\u00e9gales\"}]},{\"@type\":\"WebSite\",\"@id\":\"https:\/\/help-addictions.fr\/#website\",\"url\":\"https:\/\/help-addictions.fr\/\",\"name\":\"Help'Addictions\",\"description\":\"Agir pour la pr\u00e9vention et la sensibilisation des conduites addictives en milieu professionnel\",\"publisher\":{\"@id\":\"https:\/\/help-addictions.fr\/#organization\"},\"potentialAction\":[{\"@type\":\"SearchAction\",\"target\":{\"@type\":\"EntryPoint\",\"urlTemplate\":\"https:\/\/help-addictions.fr\/?s={search_term_string}\"},\"query-input\":{\"@type\":\"PropertyValueSpecification\",\"valueRequired\":true,\"valueName\":\"search_term_string\"}}],\"inLanguage\":\"fr-FR\"},{\"@type\":\"Organization\",\"@id\":\"https:\/\/help-addictions.fr\/#organization\",\"name\":\"Help'Addictions\",\"url\":\"https:\/\/help-addictions.fr\/\",\"logo\":{\"@type\":\"ImageObject\",\"inLanguage\":\"fr-FR\",\"@id\":\"https:\/\/help-addictions.fr\/#\/schema\/logo\/image\/\",\"url\":\"https:\/\/help-addictions.fr\/wp-content\/uploads\/2023\/11\/cropped-Logo_Help_Addictions.png\",\"contentUrl\":\"https:\/\/help-addictions.fr\/wp-content\/uploads\/2023\/11\/cropped-Logo_Help_Addictions.png\",\"width\":384,\"height\":428,\"caption\":\"Help'Addictions\"},\"image\":{\"@id\":\"https:\/\/help-addictions.fr\/#\/schema\/logo\/image\/\"},\"sameAs\":[\"https:\/\/www.facebook.com\/HelpAddictions\",\"https:\/\/www.linkedin.com\/company\/helpaddiction\/\"]}]}<\/script>\n<!-- \/ Yoast SEO plugin. -->","yoast_head_json":{"title":"Mentions L\u00e9gales - Help&#039;Addictions","robots":{"index":"index","follow":"follow","max-snippet":"max-snippet:-1","max-image-preview":"max-image-preview:large","max-video-preview":"max-video-preview:-1"},"canonical":"https:\/\/help-addictions.fr\/index.php\/mentions-legales\/","og_locale":"fr_FR","og_type":"article","og_title":"Mentions L\u00e9gales - Help&#039;Addictions","og_description":"Mentions L\u00e9gales Identification de l\u2019\u00e9diteur Le site help-addictions.fr est \u00e9dit\u00e9 par Jean-Manuel B\u00e9thouart, Help Addictions EI. Si\u00e8ge social Help Addictions EI80090 AMIENS Contact manu@help-addictions.fr0631068804 Repr\u00e9sentant l\u00e9gal Directeur de publication : Jean-Manuel B\u00e9thouartNum\u00e9ro SIRET : 87833760900035Num\u00e9ro d&rsquo;Agr\u00e9ment : 32800242780 Identification de l\u2019h\u00e9bergeur du site H\u00e9bergement OVH SAS2 rue Kellermann \u2013 BP 80157 \u2013 59053 ROUBAIX Cedex 1 Cr\u00e9dit Photos Help Addictions \/ Pixabay","og_url":"https:\/\/help-addictions.fr\/index.php\/mentions-legales\/","og_site_name":"Help&#039;Addictions","article_publisher":"https:\/\/www.facebook.com\/HelpAddictions","article_modified_time":"2025-02-05T10:34:29+00:00","twitter_card":"summary_large_image","schema":{"@context":"https:\/\/schema.org","@graph":[{"@type":"WebPage","@id":"https:\/\/help-addictions.fr\/index.php\/mentions-legales\/","url":"https:\/\/help-addictions.fr\/index.php\/mentions-legales\/","name":"Mentions L\u00e9gales - Help&#039;Addictions","isPartOf":{"@id":"https:\/\/help-addictions.fr\/#website"},"datePublished":"2025-01-18T12:14:55+00:00","dateModified":"2025-02-05T10:34:29+00:00","breadcrumb":{"@id":"https:\/\/help-addictions.fr\/index.php\/mentions-legales\/#breadcrumb"},"inLanguage":"fr-FR","potentialAction":[{"@type":"ReadAction","target":["https:\/\/help-addictions.fr\/index.php\/mentions-legales\/"]}]},{"@type":"BreadcrumbList","@id":"https:\/\/help-addictions.fr\/index.php\/mentions-legales\/#breadcrumb","itemListElement":[{"@type":"ListItem","position":1,"name":"Accueil","item":"https:\/\/help-addictions.fr\/"},{"@type":"ListItem","position":2,"name":"Mentions L\u00e9gales"}]},{"@type":"WebSite","@id":"https:\/\/help-addictions.fr\/#website","url":"https:\/\/help-addictions.fr\/","name":"Help'Addictions","description":"Agir pour la pr\u00e9vention et la sensibilisation des conduites addictives en milieu professionnel","publisher":{"@id":"https:\/\/help-addictions.fr\/#organization"},"potentialAction":[{"@type":"SearchAction","target":{"@type":"EntryPoint","urlTemplate":"https:\/\/help-addictions.fr\/?s={search_term_string}"},"query-input":{"@type":"PropertyValueSpecification","valueRequired":true,"valueName":"search_term_string"}}],"inLanguage":"fr-FR"},{"@type":"Organization","@id":"https:\/\/help-addictions.fr\/#organization","name":"Help'Addictions","url":"https:\/\/help-addictions.fr\/","logo":{"@type":"ImageObject","inLanguage":"fr-FR","@id":"https:\/\/help-addictions.fr\/#\/schema\/logo\/image\/","url":"https:\/\/help-addictions.fr\/wp-content\/uploads\/2023\/11\/cropped-Logo_Help_Addictions.png","contentUrl":"https:\/\/help-addictions.fr\/wp-content\/uploads\/2023\/11\/cropped-Logo_Help_Addictions.png","width":384,"height":428,"caption":"Help'Addictions"},"image":{"@id":"https:\/\/help-addictions.fr\/#\/schema\/logo\/image\/"},"sameAs":["https:\/\/www.facebook.com\/HelpAddictions","https:\/\/www.linkedin.com\/company\/helpaddiction\/"]}]}},"jetpack_sharing_enabled":true,"_links":{"self":[{"href":"https:\/\/help-addictions.fr\/index.php\/wp-json\/wp\/v2\/pages\/67","targetHints":{"allow":["GET"]}}],"collection":[{"href":"https:\/\/help-addictions.fr\/index.php\/wp-json\/wp\/v2\/pages"}],"about":[{"href":"https:\/\/help-addictions.fr\/index.php\/wp-json\/wp\/v2\/types\/page"}],"author":[{"embeddable":true,"href":"https:\/\/help-addictions.fr\/index.php\/wp-json\/wp\/v2\/users\/1"}],"replies":[{"embeddable":true,"href":"https:\/\/help-addictions.fr\/index.php\/wp-json\/wp\/v2\/comments?post=67"}],"version-history":[{"count":37,"href":"https:\/\/help-addictions.fr\/index.php\/wp-json\/wp\/v2\/pages\/67\/revisions"}],"predecessor-version":[{"id":1365,"href":"https:\/\/help-addictions.fr\/index.php\/wp-json\/wp\/v2\/pages\/67\/revisions\/1365"}],"wp:attachment":[{"href":"https:\/\/help-addictions.fr\/index.php\/wp-json\/wp\/v2\/media?parent=67"}],"curies":[{"name":"wp","href":"https:\/\/api.w.org\/{rel}","templated":true}]}}